{"id":36,"date":"2014-01-24T03:58:59","date_gmt":"2014-01-24T03:58:59","guid":{"rendered":"http:\/\/veterancarclub.org.au\/wordpress\/?page_id=36"},"modified":"2026-03-03T20:59:04","modified_gmt":"2026-03-03T10:59:04","slug":"links","status":"publish","type":"page","link":"https:\/\/veterancarclub.org.au\/?page_id=36","title":{"rendered":"Links"},"content":{"rendered":"<p>[et_pb_section fb_built=&#8221;1&#8243; fullwidth=&#8221;on&#8221; _builder_version=&#8221;4.16&#8243; global_colors_info=&#8221;{}&#8221;][et_pb_fullwidth_header title=&#8221;Links&#8221; _builder_version=&#8221;4.16&#8243; title_font=&#8221;|700|||||||&#8221; background_color=&#8221;#007953&#8243; z_index_tablet=&#8221;500&#8243; title_text_shadow_horizontal_length_tablet=&#8221;0px&#8221; title_text_shadow_vertical_length_tablet=&#8221;0px&#8221; title_text_shadow_blur_strength_tablet=&#8221;1px&#8221; content_text_shadow_horizontal_length_tablet=&#8221;0px&#8221; content_text_shadow_vertical_length_tablet=&#8221;0px&#8221; content_text_shadow_blur_strength_tablet=&#8221;1px&#8221; subhead_text_shadow_horizontal_length_tablet=&#8221;0px&#8221; subhead_text_shadow_vertical_length_tablet=&#8221;0px&#8221; subhead_text_shadow_blur_strength_tablet=&#8221;1px&#8221; content_link_text_shadow_horizontal_length_tablet=&#8221;0px&#8221; content_link_text_shadow_vertical_length_tablet=&#8221;0px&#8221; content_link_text_shadow_blur_strength_tablet=&#8221;1px&#8221; content_ul_text_shadow_horizontal_length_tablet=&#8221;0px&#8221; content_ul_text_shadow_vertical_length_tablet=&#8221;0px&#8221; content_ul_text_shadow_blur_strength_tablet=&#8221;1px&#8221; content_ol_text_shadow_horizontal_length_tablet=&#8221;0px&#8221; content_ol_text_shadow_vertical_length_tablet=&#8221;0px&#8221; content_ol_text_shadow_blur_strength_tablet=&#8221;1px&#8221; content_quote_text_shadow_horizontal_length_tablet=&#8221;0px&#8221; content_quote_text_shadow_vertical_length_tablet=&#8221;0px&#8221; content_quote_text_shadow_blur_strength_tablet=&#8221;1px&#8221; button_one_text_shadow_horizontal_length_tablet=&#8221;0px&#8221; button_one_text_shadow_vertical_length_tablet=&#8221;0px&#8221; button_one_text_shadow_blur_strength_tablet=&#8221;1px&#8221; button_two_text_shadow_horizontal_length_tablet=&#8221;0px&#8221; button_two_text_shadow_vertical_length_tablet=&#8221;0px&#8221; button_two_text_shadow_blur_strength_tablet=&#8221;1px&#8221; box_shadow_horizontal_tablet=&#8221;0px&#8221; box_shadow_vertical_tablet=&#8221;0px&#8221; box_shadow_blur_tablet=&#8221;40px&#8221; box_shadow_spread_tablet=&#8221;0px&#8221; box_shadow_horizontal_image_tablet=&#8221;0px&#8221; box_shadow_vertical_image_tablet=&#8221;0px&#8221; box_shadow_blur_image_tablet=&#8221;40px&#8221; box_shadow_spread_image_tablet=&#8221;0px&#8221; box_shadow_horizontal_button_one_tablet=&#8221;0px&#8221; box_shadow_vertical_button_one_tablet=&#8221;0px&#8221; box_shadow_blur_button_one_tablet=&#8221;40px&#8221; box_shadow_spread_button_one_tablet=&#8221;0px&#8221; box_shadow_horizontal_button_two_tablet=&#8221;0px&#8221; box_shadow_vertical_button_two_tablet=&#8221;0px&#8221; box_shadow_blur_button_two_tablet=&#8221;40px&#8221; box_shadow_spread_button_two_tablet=&#8221;0px&#8221; text_shadow_horizontal_length_tablet=&#8221;0px&#8221; text_shadow_vertical_length_tablet=&#8221;0px&#8221; text_shadow_blur_strength_tablet=&#8221;1px&#8221; global_colors_info=&#8221;{}&#8221;][\/et_pb_fullwidth_header][\/et_pb_section][et_pb_section fb_built=&#8221;1&#8243; _builder_version=&#8221;4.16&#8243; background_color=&#8221;#002b1a&#8221; z_index_tablet=&#8221;500&#8243; box_shadow_horizontal_tablet=&#8221;0px&#8221; box_shadow_vertical_tablet=&#8221;0px&#8221; box_shadow_blur_tablet=&#8221;40px&#8221; box_shadow_spread_tablet=&#8221;0px&#8221; global_colors_info=&#8221;{}&#8221;][et_pb_row column_structure=&#8221;1_3,1_3,1_3&#8243; _builder_version=&#8221;4.16&#8243; background_size=&#8221;initial&#8221; background_position=&#8221;top_left&#8221; background_repeat=&#8221;repeat&#8221; global_colors_info=&#8221;{}&#8221;][et_pb_column type=&#8221;1_3&#8243; _builder_version=&#8221;4.16&#8243; custom_padding=&#8221;|||&#8221; global_colors_info=&#8221;{}&#8221; custom_padding__hover=&#8221;|||&#8221;][et_pb_text _builder_version=&#8221;4.16&#8243; header_text_color=&#8221;#fed206&#8243; z_index_tablet=&#8221;500&#8243; text_text_shadow_horizontal_length_tablet=&#8221;0px&#8221; text_text_shadow_vertical_length_tablet=&#8221;0px&#8221; text_text_shadow_blur_strength_tablet=&#8221;1px&#8221; link_text_shadow_horizontal_length_tablet=&#8221;0px&#8221; link_text_shadow_vertical_length_tablet=&#8221;0px&#8221; link_text_shadow_blur_strength_tablet=&#8221;1px&#8221; ul_text_shadow_horizontal_length_tablet=&#8221;0px&#8221; ul_text_shadow_vertical_length_tablet=&#8221;0px&#8221; ul_text_shadow_blur_strength_tablet=&#8221;1px&#8221; ol_text_shadow_horizontal_length_tablet=&#8221;0px&#8221; ol_text_shadow_vertical_length_tablet=&#8221;0px&#8221; ol_text_shadow_blur_strength_tablet=&#8221;1px&#8221; quote_text_shadow_horizontal_length_tablet=&#8221;0px&#8221; quote_text_shadow_vertical_length_tablet=&#8221;0px&#8221; quote_text_shadow_blur_strength_tablet=&#8221;1px&#8221; header_text_shadow_horizontal_length_tablet=&#8221;0px&#8221; header_text_shadow_vertical_length_tablet=&#8221;0px&#8221; header_text_shadow_blur_strength_tablet=&#8221;1px&#8221; header_2_text_shadow_horizontal_length_tablet=&#8221;0px&#8221; header_2_text_shadow_vertical_length_tablet=&#8221;0px&#8221; header_2_text_shadow_blur_strength_tablet=&#8221;1px&#8221; header_3_text_shadow_horizontal_length_tablet=&#8221;0px&#8221; header_3_text_shadow_vertical_length_tablet=&#8221;0px&#8221; header_3_text_shadow_blur_strength_tablet=&#8221;1px&#8221; header_4_text_shadow_horizontal_length_tablet=&#8221;0px&#8221; header_4_text_shadow_vertical_length_tablet=&#8221;0px&#8221; header_4_text_shadow_blur_strength_tablet=&#8221;1px&#8221; header_5_text_shadow_horizontal_length_tablet=&#8221;0px&#8221; header_5_text_shadow_vertical_length_tablet=&#8221;0px&#8221; header_5_text_shadow_blur_strength_tablet=&#8221;1px&#8221; header_6_text_shadow_horizontal_length_tablet=&#8221;0px&#8221; header_6_text_shadow_vertical_length_tablet=&#8221;0px&#8221; header_6_text_shadow_blur_strength_tablet=&#8221;1px&#8221; box_shadow_horizontal_tablet=&#8221;0px&#8221; box_shadow_vertical_tablet=&#8221;0px&#8221; box_shadow_blur_tablet=&#8221;40px&#8221; box_shadow_spread_tablet=&#8221;0px&#8221; global_colors_info=&#8221;{}&#8221;]<\/p>\n<h1>Australian Clubs<\/h1>\n<p><a href=\"https:\/\/tavcca.org.au\">The Association of Veteran Car Clubs in Australia<\/a><\/p>\n<p><a href=\"http:\/\/www.aomc.asn.au\/\" target=\"_blank\" rel=\"noopener noreferrer\">Association of Motoring Clubs Inc.(AOMC) Victoria <\/a><\/p>\n<p><a href=\"https:\/\/www.vccansw.com\/\" target=\"_blank\" rel=\"noopener noreferrer\">Veteran car Club of Australia (NSW)<\/a><\/p>\n<p><a href=\"http:\/\/www.vccaq.com\" target=\"_blank\" rel=\"noopener noreferrer\">Veteran Car Club of Australia (QLD)<\/a><\/p>\n<p><a href=\"https:\/\/vccatas.com\/\" target=\"_blank\" rel=\"noopener noreferrer\">Veteran Car Club of Australia (TAS)<\/a><\/p>\n<p><a href=\"https:\/\/www.sportingcarclub.com.au\/\" target=\"_blank\" rel=\"noopener noreferrer\">The Sporting car Club of South Australia<\/a><\/p>\n<p><a href=\"http:\/\/vccsa.org.au\/\" target=\"_blank\" rel=\"noopener noreferrer\">Veteran Car Club of South Australia<\/a><\/p>\n<p><a href=\"http:\/\/www.veterancarclubofwa.asn.au\/\" target=\"_blank\" rel=\"noopener noreferrer\">Veteran car Club of Western Australia<\/a><\/p>\n<p><a href=\"https:\/\/www.shannons.com.au\/club\/carclubs\/veteran-vintage-car-club-of-aust-act\/\">Veteran and Vintage Car Club of the A.C.T<\/a><\/p>\n<p>[\/et_pb_text][\/et_pb_column][et_pb_column type=&#8221;1_3&#8243; _builder_version=&#8221;4.16&#8243; custom_padding=&#8221;|||&#8221; global_colors_info=&#8221;{}&#8221; custom_padding__hover=&#8221;|||&#8221;][et_pb_text _builder_version=&#8221;4.16&#8243; header_text_color=&#8221;#fed206&#8243; z_index_tablet=&#8221;500&#8243; text_text_shadow_horizontal_length_tablet=&#8221;0px&#8221; text_text_shadow_vertical_length_tablet=&#8221;0px&#8221; text_text_shadow_blur_strength_tablet=&#8221;1px&#8221; link_text_shadow_horizontal_length_tablet=&#8221;0px&#8221; link_text_shadow_vertical_length_tablet=&#8221;0px&#8221; link_text_shadow_blur_strength_tablet=&#8221;1px&#8221; ul_text_shadow_horizontal_length_tablet=&#8221;0px&#8221; ul_text_shadow_vertical_length_tablet=&#8221;0px&#8221; ul_text_shadow_blur_strength_tablet=&#8221;1px&#8221; ol_text_shadow_horizontal_length_tablet=&#8221;0px&#8221; ol_text_shadow_vertical_length_tablet=&#8221;0px&#8221; ol_text_shadow_blur_strength_tablet=&#8221;1px&#8221; quote_text_shadow_horizontal_length_tablet=&#8221;0px&#8221; quote_text_shadow_vertical_length_tablet=&#8221;0px&#8221; quote_text_shadow_blur_strength_tablet=&#8221;1px&#8221; header_text_shadow_horizontal_length_tablet=&#8221;0px&#8221; header_text_shadow_vertical_length_tablet=&#8221;0px&#8221; header_text_shadow_blur_strength_tablet=&#8221;1px&#8221; header_2_text_shadow_horizontal_length_tablet=&#8221;0px&#8221; header_2_text_shadow_vertical_length_tablet=&#8221;0px&#8221; header_2_text_shadow_blur_strength_tablet=&#8221;1px&#8221; header_3_text_shadow_horizontal_length_tablet=&#8221;0px&#8221; header_3_text_shadow_vertical_length_tablet=&#8221;0px&#8221; header_3_text_shadow_blur_strength_tablet=&#8221;1px&#8221; header_4_text_shadow_horizontal_length_tablet=&#8221;0px&#8221; header_4_text_shadow_vertical_length_tablet=&#8221;0px&#8221; header_4_text_shadow_blur_strength_tablet=&#8221;1px&#8221; header_5_text_shadow_horizontal_length_tablet=&#8221;0px&#8221; header_5_text_shadow_vertical_length_tablet=&#8221;0px&#8221; header_5_text_shadow_blur_strength_tablet=&#8221;1px&#8221; header_6_text_shadow_horizontal_length_tablet=&#8221;0px&#8221; header_6_text_shadow_vertical_length_tablet=&#8221;0px&#8221; header_6_text_shadow_blur_strength_tablet=&#8221;1px&#8221; box_shadow_horizontal_tablet=&#8221;0px&#8221; box_shadow_vertical_tablet=&#8221;0px&#8221; box_shadow_blur_tablet=&#8221;40px&#8221; box_shadow_spread_tablet=&#8221;0px&#8221; global_colors_info=&#8221;{}&#8221;]<\/p>\n<h1>Overseas Clubs<\/h1>\n<p><a href=\"https:\/\/fiva.org\/en\/\">F\u00e9d\u00e9ration Internationale des V\u00e9hicules Anciens<\/a><\/p>\n<p><a href=\"http:\/\/www.vccofgb.co.uk\/\" target=\"_blank\" rel=\"noopener noreferrer\">Veteran Car Club of Great Britain<\/a><\/p>\n<p><a href=\"http:\/\/www.club-teuf-teuf.com\/\"> Le CLUB des Teuf &#8211; Teuf<\/a><\/p>\n<p><a href=\"http:\/\/www.rvccb.be\/\"> The Royal Veteran Car Club of Belgium<\/a><\/p>\n<p><a href=\"http:\/\/www.ivvcc.ie\/\" target=\"_blank\" rel=\"noopener noreferrer\">Irish Vintage and Veteran Car Club<\/a><\/p>\n<p><a href=\"http:\/\/www.hcca.org\/\" target=\"_blank\" rel=\"noopener noreferrer\">Horseless Carriage Club of America<\/a><\/p>\n<p><a href=\"http:\/\/www.norskveteranvognklubb.no\/index.php\/english\" target=\"_blank\" rel=\"noopener noreferrer\">Veteran Car Club of Norway (English)<\/a><\/p>\n<p><a href=\"http:\/\/www.horseless.org.nz\/\" target=\"_blank\" rel=\"noopener noreferrer\"> Horseless Carriage Club of New Zealand (Inc.)<\/a><\/p>\n<p><a href=\"http:\/\/antique.vccc.com\/index.htm\">Vintage Car Club of Canada<\/a>\u00a0(Antique Chapter)<\/p>\n<p><a href=\"http:\/\/www.aaca.org\/\" target=\"_blank\" rel=\"noopener noreferrer\">Antique Automobile Club of America<\/a><\/p>\n<p><a href=\"http:\/\/www.vmcca.org\/\" target=\"_blank\" rel=\"noopener noreferrer\">Veteran Motor Car Club of America<\/a><\/p>\n<p><a href=\"https:\/\/vcc.org.nz\/\" target=\"_blank\" rel=\"noopener noreferrer\">Vintage Car Club of New Zealand<\/a><\/p>\n<p>[\/et_pb_text][\/et_pb_column][et_pb_column type=&#8221;1_3&#8243; _builder_version=&#8221;4.16&#8243; custom_padding=&#8221;|||&#8221; global_colors_info=&#8221;{}&#8221; custom_padding__hover=&#8221;|||&#8221;][et_pb_text _builder_version=&#8221;4.16&#8243; header_text_color=&#8221;#fed206&#8243; z_index_tablet=&#8221;500&#8243; text_text_shadow_horizontal_length_tablet=&#8221;0px&#8221; text_text_shadow_vertical_length_tablet=&#8221;0px&#8221; text_text_shadow_blur_strength_tablet=&#8221;1px&#8221; link_text_shadow_horizontal_length_tablet=&#8221;0px&#8221; link_text_shadow_vertical_length_tablet=&#8221;0px&#8221; link_text_shadow_blur_strength_tablet=&#8221;1px&#8221; ul_text_shadow_horizontal_length_tablet=&#8221;0px&#8221; ul_text_shadow_vertical_length_tablet=&#8221;0px&#8221; ul_text_shadow_blur_strength_tablet=&#8221;1px&#8221; ol_text_shadow_horizontal_length_tablet=&#8221;0px&#8221; ol_text_shadow_vertical_length_tablet=&#8221;0px&#8221; ol_text_shadow_blur_strength_tablet=&#8221;1px&#8221; quote_text_shadow_horizontal_length_tablet=&#8221;0px&#8221; quote_text_shadow_vertical_length_tablet=&#8221;0px&#8221; quote_text_shadow_blur_strength_tablet=&#8221;1px&#8221; header_text_shadow_horizontal_length_tablet=&#8221;0px&#8221; header_text_shadow_vertical_length_tablet=&#8221;0px&#8221; header_text_shadow_blur_strength_tablet=&#8221;1px&#8221; header_2_text_shadow_horizontal_length_tablet=&#8221;0px&#8221; header_2_text_shadow_vertical_length_tablet=&#8221;0px&#8221; header_2_text_shadow_blur_strength_tablet=&#8221;1px&#8221; header_3_text_shadow_horizontal_length_tablet=&#8221;0px&#8221; header_3_text_shadow_vertical_length_tablet=&#8221;0px&#8221; header_3_text_shadow_blur_strength_tablet=&#8221;1px&#8221; header_4_text_shadow_horizontal_length_tablet=&#8221;0px&#8221; header_4_text_shadow_vertical_length_tablet=&#8221;0px&#8221; header_4_text_shadow_blur_strength_tablet=&#8221;1px&#8221; header_5_text_shadow_horizontal_length_tablet=&#8221;0px&#8221; header_5_text_shadow_vertical_length_tablet=&#8221;0px&#8221; header_5_text_shadow_blur_strength_tablet=&#8221;1px&#8221; header_6_text_shadow_horizontal_length_tablet=&#8221;0px&#8221; header_6_text_shadow_vertical_length_tablet=&#8221;0px&#8221; header_6_text_shadow_blur_strength_tablet=&#8221;1px&#8221; box_shadow_horizontal_tablet=&#8221;0px&#8221; box_shadow_vertical_tablet=&#8221;0px&#8221; box_shadow_blur_tablet=&#8221;40px&#8221; box_shadow_spread_tablet=&#8221;0px&#8221; global_colors_info=&#8221;{}&#8221;]<\/p>\n<h1>General Interest<\/h1>\n<p><a href=\"http:\/\/earlymotor.com\">earlymotor.com The early motor in Australia and New Zealand<\/a><\/p>\n<p><a href=\"http:\/\/www.prewarcar.com\/default.asp\" target=\"_blank\" rel=\"noopener noreferrer\">PreWarCar<\/a><\/p>\n<p><a href=\"http:\/\/www.lbvcr.com\/\">London to Brighton<\/a><\/p>\n<p><a href=\"http:\/\/www.carcrank.org\">CarCrank (Webwallah&#8217;s personal Journal)<\/a><\/p>\n<p>[\/et_pb_text][\/et_pb_column][\/et_pb_row][\/et_pb_section]<\/p>\n","protected":false},"excerpt":{"rendered":"<p>Australian Clubs The Association of Veteran Car Clubs in Australia Association of Motoring Clubs Inc.(AOMC) Victoria Veteran car Club of Australia (NSW) Veteran Car Club of Australia (QLD) Veteran Car [&hellip;]<\/p>\n","protected":false},"author":6,"featured_media":0,"parent":0,"menu_order":0,"comment_status":"closed","ping_status":"closed","template":"","meta":{"_et_pb_use_builder":"on","_et_pb_old_content":"<h3>Australian Clubs<\/h3><p><a href=\"http:\/\/avcca.veterancarclub.org.au\/\">The Association of Veteran Car Clubs in Australia<\/a><\/p><p><a href=\"http:\/\/www.aomc.asn.au\/\" target=\"_blank\" rel=\"noopener\">Association of Motoring Clubs Inc.(AOMC) Victoria <\/a><\/p><p><a href=\"http:\/\/www.vccansw.org\/\" target=\"_blank\" rel=\"noopener\">Veteran car Club of Australia (NSW)<\/a><\/p><p><a href=\"http:\/\/www.vccaq.com\" target=\"_blank\" rel=\"noopener\">Veteran Car Club of Australia (QLD)<\/a><\/p><p><a href=\"http:\/\/www.vccatas.org.au\/\" target=\"_blank\" rel=\"noopener\">Veteran Car Club of Australia (TAS)<\/a><\/p><p><a href=\"http:\/\/www.sportingcarclubsa.org.au\/\" target=\"_blank\" rel=\"noopener\">The Sporting car Club of South Australia<\/a><\/p><p><a href=\"http:\/\/vccsa.org.au\/\" target=\"_blank\" rel=\"noopener\">Veteran Car Club of South Australia<\/a><\/p><p><a href=\"http:\/\/www.veterancarclubofwa.asn.au\/\" target=\"_blank\" rel=\"noopener\">Veteran car Club of Western Australia<\/a><\/p><p><a href=\"http:\/\/www.geocities.com\/vetvinact\/vetvinact.htm\">Veteran and Vintage Car Club of the A.C.T<\/a><\/p><h3>Overseas Clubs<\/h3><p><a href=\"http:\/\/www.fiva.org\/EN\/index2.html\">F\u00e9d\u00e9ration Internationale des V\u00e9hicules Anciens<\/a><\/p><p><a href=\"http:\/\/www.vccofgb.co.uk\/\" target=\"_blank\" rel=\"noopener\">Veteran Car Club of Great Britain<\/a><br \/><a href=\"http:\/\/www.club-teuf-teuf.com\/\"><br \/>Le CLUB des Teuf - Teuf<\/a><br \/><a href=\"http:\/\/www.rvccb.be\/\"><br \/>The Royal Veteran Car Club of Belgium<\/a><\/p><p><a href=\"http:\/\/www.ivvcc.ie\/\" target=\"_blank\" rel=\"noopener\">Irish Vintage and Veteran Car Club<\/a><\/p><p><a href=\"http:\/\/www.hcca.org\/\" target=\"_blank\" rel=\"noopener\">Horseless Carriage Club of America<\/a><\/p><p><a href=\"http:\/\/www.norskveteranvognklubb.no\/index.php\/english\" target=\"_blank\" rel=\"noopener\">Veteran Car Club of Norway (English)<\/a><\/p><p><a href=\"http:\/\/www.horseless.org.nz\/\" target=\"_blank\" rel=\"noopener\"> Horseless Carriage Club of New Zealand (Inc.)<\/a><\/p><p><a href=\"http:\/\/antique.vccc.com\/index.htm\">Vintage Car Club of Canada<\/a>\u00a0(Antique Chapter)<\/p><p><a href=\"http:\/\/www.aaca.org\/\" target=\"_blank\" rel=\"noopener\">Antique Automobile Club of America<\/a><\/p><p><a href=\"http:\/\/www.vmcca.org\/\" target=\"_blank\" rel=\"noopener\">Veteran Motor Car Club of America<\/a><\/p><p><a href=\"http:\/\/www.vcc.org.nz\/home_nf.html\" target=\"_blank\" rel=\"noopener\">Vintage Car Club of New Zealand<\/a><\/p><h3>General Interest<\/h3><p><a href=\"http:\/\/earlymotor.com\">earlymotor.com The early motor in Australia and New Zealand<\/a><\/p><p><a href=\"http:\/\/www.vintageknowledge.co.uk\/\" target=\"_blank\" rel=\"noopener\">Vintage Knowledge<\/a><\/p><p><a href=\"http:\/\/www.prewarcar.com\/default.asp\" target=\"_blank\" rel=\"noopener\">PreWarCar<\/a><\/p><p><a href=\"http:\/\/www.lbvcr.com\/\">London to Brighton<\/a><\/p><p><a href=\"http:\/\/a2d.netguys.com.au\/?page_id=250\">Adelaide to Darwin Rally 2014<\/a><\/p><p><a href=\"http:\/\/www.carcrank.org\">CarCrank (Webwallah's personal Journal)<\/a><\/p>","_et_gb_content_width":"","footnotes":""},"class_list":["post-36","page","type-page","status-publish","hentry"],"jetpack_sharing_enabled":true,"_links":{"self":[{"href":"https:\/\/veterancarclub.org.au\/index.php?rest_route=\/wp\/v2\/pages\/36","targetHints":{"allow":["GET"]}}],"collection":[{"href":"https:\/\/veterancarclub.org.au\/index.php?rest_route=\/wp\/v2\/pages"}],"about":[{"href":"https:\/\/veterancarclub.org.au\/index.php?rest_route=\/wp\/v2\/types\/page"}],"author":[{"embeddable":true,"href":"https:\/\/veterancarclub.org.au\/index.php?rest_route=\/wp\/v2\/users\/6"}],"replies":[{"embeddable":true,"href":"https:\/\/veterancarclub.org.au\/index.php?rest_route=%2Fwp%2Fv2%2Fcomments&post=36"}],"version-history":[{"count":7,"href":"https:\/\/veterancarclub.org.au\/index.php?rest_route=\/wp\/v2\/pages\/36\/revisions"}],"predecessor-version":[{"id":11128,"href":"https:\/\/veterancarclub.org.au\/index.php?rest_route=\/wp\/v2\/pages\/36\/revisions\/11128"}],"wp:attachment":[{"href":"https:\/\/veterancarclub.org.au\/index.php?rest_route=%2Fwp%2Fv2%2Fmedia&parent=36"}],"curies":[{"name":"wp","href":"https:\/\/api.w.org\/{rel}","templated":true}]}}